{"id":3926,"date":"2025-10-20T01:53:50","date_gmt":"2025-10-20T01:53:50","guid":{"rendered":"https:\/\/www.asherhoffmanlaw.com\/our-team\/michele-schonbrunn-rn\/"},"modified":"2025-10-20T01:53:50","modified_gmt":"2025-10-20T01:53:50","slug":"michele-schonbrunn-rn","status":"publish","type":"page","link":"https:\/\/www.asherhoffmanlaw.com\/es\/our-team\/michele-schonbrunn-rn\/","title":{"rendered":"Michele Schonbrunn, RN"},"content":{"rendered":"<h2 style=\"margin-bottom: 5px;\">Enfermera Asesora Jur\u00eddica<img loading=\"lazy\" decoding=\"async\" class=\"alignnone size-full wp-image-3658\" style=\"text-align: justify; font-size: 16px;\" src=\"https:\/\/www.asherhoffmanlaw.com\/wp-content\/uploads\/2025\/10\/Michele-Schonbrunn-RN.jpg\" alt=\"\" width=\"1024\" height=\"1024\" srcset=\"https:\/\/www.asherhoffmanlaw.com\/wp-content\/uploads\/2025\/10\/Michele-Schonbrunn-RN.jpg 1024w, https:\/\/www.asherhoffmanlaw.com\/wp-content\/uploads\/2025\/10\/Michele-Schonbrunn-RN-150x150.jpg 150w, https:\/\/www.asherhoffmanlaw.com\/wp-content\/uploads\/2025\/10\/Michele-Schonbrunn-RN-300x300.jpg 300w, https:\/\/www.asherhoffmanlaw.com\/wp-content\/uploads\/2025\/10\/Michele-Schonbrunn-RN-768x768.jpg 768w\" sizes=\"auto, (max-width: 1024px) 100vw, 1024px\" \/><\/h2>\n<p>Michele aporta una visi\u00f3n cl\u00ednica de primera l\u00ednea a cada caso. Audita y organiza historiales m\u00e9dicos y facturas, prepara cronolog\u00edas m\u00e9dicas y res\u00famenes de afecciones, e identifica lagunas en el diagn\u00f3stico, las derivaciones o la atenci\u00f3n de seguimiento. Trabaja en estrecha colaboraci\u00f3n con los proveedores de tratamiento, aclara los resultados de las pruebas de imagen, la medicaci\u00f3n y las limitaciones funcionales, y coordina los ap\u00e9ndices o informes narrativos cuando es necesario.  <\/p>\n","protected":false},"excerpt":{"rendered":"<p>Enfermera Asesora Jur\u00eddica Michele aporta una visi\u00f3n cl\u00ednica de primera l\u00ednea a cada caso. Audita y organiza historiales m\u00e9dicos y facturas, prepara cronolog\u00edas m\u00e9dicas y res\u00famenes de afecciones, e identifica lagunas en el diagn\u00f3stico, las derivaciones o la atenci\u00f3n de seguimiento. Trabaja en estrecha colaboraci\u00f3n con los proveedores de tratamiento, aclara los resultados de las [&hellip;]<\/p>\n","protected":false},"author":1,"featured_media":0,"parent":1944,"menu_order":0,"comment_status":"closed","ping_status":"closed","template":"","meta":{"_acf_changed":false,"footnotes":""},"class_list":["post-3926","page","type-page","status-publish","hentry"],"acf":[],"yoast_head":"<!-- This site is optimized with the Yoast SEO plugin v27.4 - https:\/\/yoast.com\/product\/yoast-seo-wordpress\/ -->\n<title>Michele Schonbrunn, RN | Despacho Jur\u00eddico de Asher Hoffman<\/title>\n<meta name=\"description\" content=\"Michele aporta una visi\u00f3n cl\u00ednica de primera l\u00ednea a cada caso. Vis\u00edtanos para saber m\u00e1s sobre Michele Schonbrunn, RN.\" \/>\n<meta name=\"robots\" content=\"index, follow, max-snippet:-1, max-image-preview:large, max-video-preview:-1\" \/>\n<link rel=\"canonical\" href=\"https:\/\/www.asherhoffmanlaw.com\/es\/our-team\/michele-schonbrunn-rn\/\" \/>\n<meta property=\"og:locale\" content=\"es_ES\" \/>\n<meta property=\"og:type\" content=\"article\" \/>\n<meta property=\"og:title\" content=\"Michele Schonbrunn, RN | Despacho Jur\u00eddico de Asher Hoffman\" \/>\n<meta property=\"og:description\" content=\"Michele aporta una visi\u00f3n cl\u00ednica de primera l\u00ednea a cada caso. Vis\u00edtanos para saber m\u00e1s sobre Michele Schonbrunn, RN.\" \/>\n<meta property=\"og:url\" content=\"https:\/\/www.asherhoffmanlaw.com\/es\/our-team\/michele-schonbrunn-rn\/\" \/>\n<meta property=\"og:image\" content=\"https:\/\/www.asherhoffmanlaw.com\/wp-content\/uploads\/2025\/10\/Michele-Schonbrunn-RN.jpg\" \/>\n\t<meta property=\"og:image:width\" content=\"1024\" \/>\n\t<meta property=\"og:image:height\" content=\"1024\" \/>\n\t<meta property=\"og:image:type\" content=\"image\/jpeg\" \/>\n<meta name=\"twitter:card\" content=\"summary_large_image\" \/>\n<!-- \/ Yoast SEO plugin. -->","yoast_head_json":{"title":"Michele Schonbrunn, RN | Despacho Jur\u00eddico de Asher Hoffman","description":"Michele aporta una visi\u00f3n cl\u00ednica de primera l\u00ednea a cada caso. Vis\u00edtanos para saber m\u00e1s sobre Michele Schonbrunn, RN.","robots":{"index":"index","follow":"follow","max-snippet":"max-snippet:-1","max-image-preview":"max-image-preview:large","max-video-preview":"max-video-preview:-1"},"canonical":"https:\/\/www.asherhoffmanlaw.com\/es\/our-team\/michele-schonbrunn-rn\/","og_locale":"es_ES","og_type":"article","og_title":"Michele Schonbrunn, RN | Despacho Jur\u00eddico de Asher Hoffman","og_description":"Michele aporta una visi\u00f3n cl\u00ednica de primera l\u00ednea a cada caso. Vis\u00edtanos para saber m\u00e1s sobre Michele Schonbrunn, RN.","og_url":"https:\/\/www.asherhoffmanlaw.com\/es\/our-team\/michele-schonbrunn-rn\/","og_image":[{"width":1024,"height":1024,"url":"https:\/\/www.asherhoffmanlaw.com\/wp-content\/uploads\/2025\/10\/Michele-Schonbrunn-RN.jpg","type":"image\/jpeg"}],"twitter_card":"summary_large_image","schema":{"@context":"https:\/\/schema.org","@graph":[{"@type":"WebPage","@id":"https:\/\/www.asherhoffmanlaw.com\/es\/our-team\/michele-schonbrunn-rn\/","url":"https:\/\/www.asherhoffmanlaw.com\/es\/our-team\/michele-schonbrunn-rn\/","name":"Michele Schonbrunn, RN | Despacho Jur\u00eddico de Asher Hoffman","isPartOf":{"@id":"https:\/\/www.asherhoffmanlaw.com\/es\/#website"},"primaryImageOfPage":{"@id":"https:\/\/www.asherhoffmanlaw.com\/es\/our-team\/michele-schonbrunn-rn\/#primaryimage"},"image":{"@id":"https:\/\/www.asherhoffmanlaw.com\/es\/our-team\/michele-schonbrunn-rn\/#primaryimage"},"thumbnailUrl":"https:\/\/www.asherhoffmanlaw.com\/wp-content\/uploads\/2025\/10\/Michele-Schonbrunn-RN.jpg","datePublished":"2025-10-20T01:53:50+00:00","description":"Michele aporta una visi\u00f3n cl\u00ednica de primera l\u00ednea a cada caso. Vis\u00edtanos para saber m\u00e1s sobre Michele Schonbrunn, RN.","breadcrumb":{"@id":"https:\/\/www.asherhoffmanlaw.com\/es\/our-team\/michele-schonbrunn-rn\/#breadcrumb"},"inLanguage":"es-ES","potentialAction":[{"@type":"ReadAction","target":["https:\/\/www.asherhoffmanlaw.com\/es\/our-team\/michele-schonbrunn-rn\/"]}]},{"@type":"ImageObject","inLanguage":"es-ES","@id":"https:\/\/www.asherhoffmanlaw.com\/es\/our-team\/michele-schonbrunn-rn\/#primaryimage","url":"https:\/\/www.asherhoffmanlaw.com\/wp-content\/uploads\/2025\/10\/Michele-Schonbrunn-RN.jpg","contentUrl":"https:\/\/www.asherhoffmanlaw.com\/wp-content\/uploads\/2025\/10\/Michele-Schonbrunn-RN.jpg"},{"@type":"BreadcrumbList","@id":"https:\/\/www.asherhoffmanlaw.com\/es\/our-team\/michele-schonbrunn-rn\/#breadcrumb","itemListElement":[{"@type":"ListItem","position":1,"name":"Home","item":"https:\/\/www.asherhoffmanlaw.com\/es\/casa\/"},{"@type":"ListItem","position":2,"name":"Nuestro equipo","item":"https:\/\/www.asherhoffmanlaw.com\/es\/our-team\/"},{"@type":"ListItem","position":3,"name":"Michele Schonbrunn, RN"}]},{"@type":"WebSite","@id":"https:\/\/www.asherhoffmanlaw.com\/es\/#website","url":"https:\/\/www.asherhoffmanlaw.com\/es\/","name":"","description":"Law Offices of Asher Hoffman Law","potentialAction":[{"@type":"SearchAction","target":{"@type":"EntryPoint","urlTemplate":"https:\/\/www.asherhoffmanlaw.com\/es\/?s={search_term_string}"},"query-input":{"@type":"PropertyValueSpecification","valueRequired":true,"valueName":"search_term_string"}}],"inLanguage":"es-ES"}]}},"_links":{"self":[{"href":"https:\/\/www.asherhoffmanlaw.com\/es\/wp-json\/wp\/v2\/pages\/3926","targetHints":{"allow":["GET"]}}],"collection":[{"href":"https:\/\/www.asherhoffmanlaw.com\/es\/wp-json\/wp\/v2\/pages"}],"about":[{"href":"https:\/\/www.asherhoffmanlaw.com\/es\/wp-json\/wp\/v2\/types\/page"}],"author":[{"embeddable":true,"href":"https:\/\/www.asherhoffmanlaw.com\/es\/wp-json\/wp\/v2\/users\/1"}],"replies":[{"embeddable":true,"href":"https:\/\/www.asherhoffmanlaw.com\/es\/wp-json\/wp\/v2\/comments?post=3926"}],"version-history":[{"count":0,"href":"https:\/\/www.asherhoffmanlaw.com\/es\/wp-json\/wp\/v2\/pages\/3926\/revisions"}],"up":[{"embeddable":true,"href":"https:\/\/www.asherhoffmanlaw.com\/es\/wp-json\/wp\/v2\/pages\/1944"}],"wp:attachment":[{"href":"https:\/\/www.asherhoffmanlaw.com\/es\/wp-json\/wp\/v2\/media?parent=3926"}],"curies":[{"name":"wp","href":"https:\/\/api.w.org\/{rel}","templated":true}]}}