{"id":3936,"date":"2025-10-13T01:22:46","date_gmt":"2025-10-13T01:22:46","guid":{"rendered":"https:\/\/www.asherhoffmanlaw.com\/abogados-expertos-en-resbalones-y-caidas-de-long-beach\/"},"modified":"2025-10-13T01:22:46","modified_gmt":"2025-10-13T01:22:46","slug":"abogados-expertos-en-resbalones-y-caidas-de-long-beach","status":"publish","type":"page","link":"https:\/\/www.asherhoffmanlaw.com\/es\/abogados-expertos-en-resbalones-y-caidas-de-long-beach\/","title":{"rendered":"Abogados expertos en resbalones y ca\u00eddas de Long Beach"},"content":{"rendered":"<h2><em>Por Qu\u00e9 Los Casos De Responsabilidad De Los Locales De Long Beach Requieren Una Representaci\u00f3n Legal Enfocada<\/em><\/h2>\n<p>Un resbal\u00f3n y ca\u00edda u otro incidente de responsabilidad de las instalaciones puede cambiar tu vida en cuesti\u00f3n de segundos. En un momento est\u00e1s haciendo recados o visitando a un amigo, y al siguiente te enfrentas a un tratamiento de urgencia, faltas al trabajo y semanas o meses de recuperaci\u00f3n. <\/p>\n<p>Estos sucesos no son &#8220;simples accidentes&#8221;. A menudo se derivan de peligros evitables, como suelos mojados sin se\u00f1ales de advertencia, escalones rotos, iluminaci\u00f3n inadecuada, aceras desiguales o fallos de seguridad. Cuando los propietarios y administradores de inmuebles no mantienen sus espacios ni advierten a los visitantes de los peligros potenciales, la ley <a href=\"https:\/\/www.ca.gov\/\">de California<\/a> permite a las personas lesionadas exigir responsabilidades.  <\/p>\n<p><img loading=\"lazy\" decoding=\"async\" width=\"1024\" height=\"683\" class=\"size-medium wp-image-3596 aligncenter\" src=\"https:\/\/www.asherhoffmanlaw.com\/wp-content\/uploads\/2025\/10\/slip-and-fall-injury.jpg\" alt=\"\" srcset=\"https:\/\/www.asherhoffmanlaw.com\/wp-content\/uploads\/2025\/10\/slip-and-fall-injury.jpg 1024w, https:\/\/www.asherhoffmanlaw.com\/wp-content\/uploads\/2025\/10\/slip-and-fall-injury-300x200.jpg 300w, https:\/\/www.asherhoffmanlaw.com\/wp-content\/uploads\/2025\/10\/slip-and-fall-injury-768x512.jpg 768w\" sizes=\"auto, (max-width: 1024px) 100vw, 1024px\" \/><br \/>\nTrabajar con un abogado especializado en resbalones y ca\u00eddas en Long Beach es crucial porque estas demandas dependen de detalles concretos. Para tener \u00e9xito, tienes que demostrar que hab\u00eda una condici\u00f3n peligrosa, que el propietario la conoc\u00eda o deber\u00eda haberla conocido, que caus\u00f3 tus lesiones y que tus p\u00e9rdidas son reales y est\u00e1n documentadas. Las aseguradoras suelen argumentar que los peligros eran obvios, triviales o culpa tuya. Nuestros abogados expertos en responsabilidad civil de locales pueden investigar r\u00e1pidamente, conservar pruebas cruciales y construir un caso que refleje con precisi\u00f3n el impacto real en tu vida.   <\/p>\n<p>En el Bufete de Asher Hoffman, los clientes trabajan directamente con un abogado desde el primer d\u00eda, <a href=\"https:\/\/www.asherhoffmanlaw.com\/contact\/\">empezando por una consulta gratuita<\/a>. Reciben informaci\u00f3n clara y obtienen una defensa probada en juicios, dirigida a conseguir resultados significativos. <\/p>\n<h2 class=\"wp-block-heading\">\u00bfQu\u00e9 se considera responsabilidad del local en California?<\/h2>\n<p>La responsabilidad de las instalaciones es el conjunto de leyes de California que responsabiliza a los propietarios y ocupantes de las condiciones peligrosas de su propiedad. La responsabilidad no es autom\u00e1tica simplemente porque te hayas lesionado. La cuesti\u00f3n es si la persona o empresa responsable de la propiedad actu\u00f3 razonablemente para mantenerla segura o para advertir de riesgos conocidos.  <\/p>\n<p>Esa norma se aplica a tiendas de comestibles, complejos de apartamentos, grandes superficies, restaurantes, hoteles, oficinas, aparcamientos, aceras y edificios p\u00fablicos. Tambi\u00e9n se aplica, con normas y plazos especiales, a entidades p\u00fablicas, como ciudades, condados y organismos de tr\u00e1nsito. <\/p>\n<p><strong>Entre los supuestos habituales de responsabilidad de los locales se incluyen:<\/strong><\/p>\n<ul class=\"wp-block-list\">\n<li>Incidentes de resbalones y ca\u00eddas por derrames, fugas, lluvia arrastrada o suelos reci\u00e9n fregados sin avisar.<\/li>\n<li>Incidentes de tropiezos y ca\u00eddas por suelos irregulares, baldosas rotas, alfombras enroscadas, cuerdas o losas de acera levantadas.<\/li>\n<li>Defectos en escaleras y barandillas, como pelda\u00f1os sueltos, barandillas que faltan y mala iluminaci\u00f3n.<\/li>\n<li>Pasillos inseguros o expositores de mercanc\u00edas que crean salientes o riesgos de ca\u00edda de objetos.<\/li>\n<li>Defectos en los aparcamientos, baches e iluminaci\u00f3n inadecuada que ocultan los peligros.<\/li>\n<li>Mal funcionamiento o mantenimiento de ascensores y escaleras mec\u00e1nicas.<\/li>\n<li>Seguridad negligente, incluidas cerraduras rotas, iluminaci\u00f3n inadecuada y no hacer frente a actividades delictivas conocidas.<\/li>\n<li>Peligros de la piscina, como falta de marcadores de profundidad, superficies resbaladizas o puertas sin cerrar.<\/li>\n<\/ul>\n<p>Cada categor\u00eda requiere una investigaci\u00f3n a medida para demostrar c\u00f3mo se form\u00f3 la afecci\u00f3n, cu\u00e1nto tiempo existi\u00f3, qu\u00e9 inspecciones deber\u00edan haberla detectado y c\u00f3mo caus\u00f3 tus lesiones.<\/p>\n<h2 class=\"wp-block-heading\">Causas comunes de resbalones, tropiezos y ca\u00eddas en California<\/h2>\n<p>Los peligros para la propiedad se desarrollan por causas previsibles. Comprender estas causas ayuda a establecer qui\u00e9n es responsable y por qu\u00e9 el incidente era evitable. Buscamos pautas en la forma en que un comercio, un administrador de fincas o un organismo p\u00fablico gestionan el mantenimiento, las inspecciones y las reparaciones.  <\/p>\n<p><strong>Las causas frecuentes son:<\/strong><\/p>\n<ul class=\"wp-block-list\">\n<li>Los derrames de l\u00edquidos y restos de comida en las tiendas no se detectan y limpian con prontitud.<\/li>\n<li>Fugas de unidades de refrigeraci\u00f3n, tejados o fontaner\u00eda que crean manchas de humedad recurrentes.<\/li>\n<li>Esteras y control del agua inadecuados cerca de las entradas cuando llueve.<\/li>\n<li>Acabados del suelo desgastados o no conformes que se vuelven peligrosamente resbaladizos.<\/li>\n<li>Hormig\u00f3n roto, diferencias de altura en las aceras y transiciones irregulares.<\/li>\n<li>Iluminaci\u00f3n deficiente que oculta peligros o crea deslumbramiento.<\/li>\n<li>Pasillos desordenados, expositores que sobresalen y mercanc\u00edas extraviadas.<\/li>\n<li>No seguir los registros escritos de barrido, los programas de inspecci\u00f3n o los protocolos de mantenimiento.<\/li>\n<\/ul>\n<p>Cuando existen estas condiciones, un operador inmobiliario diligente debe rectificar el peligro o proporcionar advertencias claras y oportunas para garantizar la seguridad de todas las personas. Cuando no lo hacen, las lesiones son previsibles. <\/p>\n<h2 class=\"wp-block-heading\">Lesiones que vemos tras incidentes de resbalones y ca\u00eddas<\/h2>\n<p>Las ca\u00eddas pueden causar da\u00f1os graves a cualquier edad, y la recuperaci\u00f3n puede ser larga. M\u00e1s all\u00e1 del dolor inicial, muchos clientes se enfrentan a intervenciones quir\u00fargicas, terapia, p\u00e9rdida de ingresos y limitaciones permanentes que cambian la vida cotidiana. Nuestro equipo documenta todo el cuadro m\u00e9dico, asegur\u00e1ndose de que tu reclamaci\u00f3n tiene en cuenta tanto las necesidades actuales como las futuras.  <\/p>\n<p><strong>Las lesiones m\u00e1s frecuentes son:<\/strong><\/p>\n<ul class=\"wp-block-list\">\n<li>Fracturas de mu\u00f1eca, cadera, tobillo, rodilla, costillas y cara.<\/li>\n<li>Lesiones cerebrales traum\u00e1ticas y conmociones cerebrales.<\/li>\n<li>Lesiones de columna, hernias discales y dolores cr\u00f3nicos de espalda o cuello.<\/li>\n<li>Roturas de ligamentos y tendones en la rodilla, el hombro y el tobillo.<\/li>\n<li>Laceraciones profundas, cicatrices y desfiguraci\u00f3n.<\/li>\n<li>S\u00edndrome de dolor regional complejo y dolencias cr\u00f3nicas.<\/li>\n<li>Trauma psicol\u00f3gico, como ansiedad y p\u00e9rdida de confianza en las escaleras o en las multitudes.<\/li>\n<\/ul>\n<h2 class=\"wp-block-heading\">\u00bfQui\u00e9n puede ser considerado responsable de los accidentes de responsabilidad del local en California?<\/h2>\n<p>La responsabilidad depende de qui\u00e9n controlaba las instalaciones y de si actu\u00f3 razonablemente dadas las circunstancias. El sistema de culpa comparativa de California permite la indemnizaci\u00f3n incluso si se alega que la persona lesionada comparte parte de la responsabilidad, aunque el porcentaje de culpa de la persona puede reducir cualquier indemnizaci\u00f3n. Una investigaci\u00f3n cuidadosa puede alejar la culpa de la v\u00edctima y colocarla donde corresponde.  <\/p>\n<p><strong>Las partes potencialmente responsables son:<\/strong><\/p>\n<ul class=\"wp-block-list\">\n<li>Una tienda, supermercado o gran superficie que no inspeccion\u00f3 ni limpi\u00f3 con regularidad.<\/li>\n<li>Una empresa de gesti\u00f3n inmobiliaria que ignor\u00f3 reiteradas quejas o retras\u00f3 las reparaciones.<\/li>\n<li>Un casero o una Asociaci\u00f3n de Propietarios que permiti\u00f3 que persistieran escaleras rotas, problemas de iluminaci\u00f3n o peligros conocidos.<\/li>\n<li>Un contratista cuyo trabajo cre\u00f3 o dej\u00f3 tras de s\u00ed una condici\u00f3n peligrosa.<\/li>\n<li>Entidad p\u00fablica responsable de aceras, calles o edificios p\u00fablicos, sujeta a plazos estrictos de notificaci\u00f3n de reclamaciones.<\/li>\n<\/ul>\n<p>Las reclamaciones de entidades p\u00fablicas suelen requerir que se presente una reclamaci\u00f3n gubernamental en los seis meses siguientes al incidente. Saltarse ese plazo puede anular el caso, por lo que es esencial ponerse en contacto r\u00e1pidamente con un abogado especializado en responsabilidad civil de locales en Long Beach. <\/p>\n<h2 class=\"wp-block-heading\">Lo que hay que probar en una demanda por responsabilidad del establecimiento<\/h2>\n<p>La responsabilidad de los locales se basa en pruebas. Las cuestiones fundamentales son si exist\u00eda una situaci\u00f3n peligrosa, si el propietario la conoc\u00eda o deber\u00eda haberla conocido a tiempo para arreglarla o advertirlo, si el peligro caus\u00f3 tu lesi\u00f3n y cu\u00e1les son tus p\u00e9rdidas. Recopilamos registros, interrogamos a testigos y colaboramos con expertos para conectar cada pieza del rompecabezas.  <\/p>\n<p><strong>Los elementos clave de la prueba incluyen:<\/strong><\/p>\n<ul class=\"wp-block-list\">\n<li>Existencia de una condici\u00f3n peligrosa, fotografiada y medida cuando sea posible.<\/li>\n<li>Aviso, real o constructivo, demostrado a trav\u00e9s del tiempo, el lugar, la recurrencia o las malas pr\u00e1cticas de inspecci\u00f3n.<\/li>\n<li>Causalidad respaldada por el an\u00e1lisis del mecanismo de lesi\u00f3n, la inspecci\u00f3n del calzado y los historiales m\u00e9dicos.<\/li>\n<li>Da\u00f1os documentados mediante facturas m\u00e9dicas, planes de tratamiento, p\u00e9rdida salarial y evaluaciones de cuidados futuros.<\/li>\n<\/ul>\n<h2 class=\"wp-block-heading\">Pruebas que nos apresuramos a conservar tras un accidente de responsabilidad del local<\/h2>\n<p>Las pruebas sensibles al tiempo pueden ser decisivas en un caso de resbal\u00f3n y ca\u00edda. Los sistemas de vigilancia sobrescriben el v\u00eddeo. Los derrames se limpian. Las baldosas rotas se sustituyen. Una acci\u00f3n legal temprana ayuda a bloquear las pruebas antes de que desaparezcan.    <\/p>\n<p><strong>Nuestro equipo prioriza:<\/strong><\/p>\n<ul class=\"wp-block-list\">\n<li>Solicitudes de v\u00eddeos de vigilancia y cartas de conservaci\u00f3n para evitar que se borren.<\/li>\n<li>Informes de incidentes, registros de barrido, registros de mantenimiento y reparaci\u00f3n, y facturas de proveedores.<\/li>\n<li>Fotos, mediciones y estudios de iluminaci\u00f3n de la zona de peligro.<\/li>\n<li>Declaraciones de testigos de empleados, personal de seguridad y otros clientes.<\/li>\n<li>Conservaci\u00f3n e inspecci\u00f3n del calzado para rebatir los argumentos de los &#8220;zapatos equivocados&#8221;.<\/li>\n<li>Historiales m\u00e9dicos que relacionen el mecanismo de lesi\u00f3n con tu diagn\u00f3stico.<\/li>\n<\/ul>\n<h2 class=\"wp-block-heading\">Qu\u00e9 hacer tras un resbal\u00f3n y ca\u00edda en Long Beach<\/h2>\n<p>Hay medidas que puedes tomar, incluso en la confusi\u00f3n que sigue a una ca\u00edda, para proteger tu salud y tu reclamaci\u00f3n.<\/p>\n<p><strong>Despu\u00e9s de una ca\u00edda:<\/strong><\/p>\n<ul class=\"wp-block-list\">\n<li>Informa del incidente al propietario o al administrador y pide una copia del informe del incidente.<\/li>\n<li>Fotograf\u00eda el peligro, tus lesiones, el calzado y la zona circundante.<\/li>\n<li>Recoge los nombres y contactos de los testigos y empleados con los que hablaste.<\/li>\n<li>Busca asistencia m\u00e9dica inmediata y sigue todas las instrucciones del m\u00e9dico.<\/li>\n<li>Guarda la ropa y los zapatos que llevabas, sin lavar, en una bolsa.<\/li>\n<li>Conserva todas las facturas m\u00e9dicas, las instrucciones de alta y los resultados de las pruebas de imagen.<\/li>\n<li>Rechaza una declaraci\u00f3n grabada y no firmes liberaciones antes de la revisi\u00f3n legal.<\/li>\n<li><a href=\"https:\/\/www.asherhoffmanlaw.com\/contact\/\">Ponte en contacto con nuestro abogado especializado en resbalones y ca\u00eddas en Long Beach<\/a> lo antes posible.<\/li>\n<\/ul>\n<h2 class=\"wp-block-heading\">Indemnizaciones y acuerdos por lesiones de responsabilidad civil en locales en California<\/h2>\n<p>Una resoluci\u00f3n justa debe reflejar todo el alcance de tus da\u00f1os y p\u00e9rdidas, tanto ahora como en el futuro. Preparamos cada reclamaci\u00f3n como si fuera a ser juzgada ante un tribunal, lo que refuerza tu posici\u00f3n en la negociaci\u00f3n. <\/p>\n<p><strong>Seg\u00fan el caso, los da\u00f1os indemnizables pueden incluir:<\/strong><\/p>\n<ul class=\"wp-block-list\">\n<li>Atenci\u00f3n de urgencia, hospitalizaci\u00f3n, cirug\u00eda, diagn\u00f3stico por imagen y seguimiento.<\/li>\n<li>Fisioterapia, terapia ocupacional, tratamiento del dolor y asistencia sanitaria a domicilio.<\/li>\n<li>Equipamiento m\u00e9dico, modificaciones del hogar y necesidades m\u00e9dicas futuras.<\/li>\n<li>Salarios perdidos, disminuci\u00f3n de la capacidad de ganancia y reciclaje profesional.<\/li>\n<li>Dolor, sufrimiento, angustia emocional y p\u00e9rdida del disfrute de la vida.<\/li>\n<li>Cicatrices, desfiguraci\u00f3n y discapacidad permanente.<\/li>\n<li>Indemnizaci\u00f3n por muerte por negligencia para los familiares supervivientes.<\/li>\n<\/ul>\n<p>Las horquillas de indemnizaciones que puedes ver en Internet suelen ser incompletas y var\u00edan mucho en funci\u00f3n de los hechos, el lugar y las pruebas m\u00e9dicas. El valor de tu caso debe construirse a partir de pruebas reales, no de una media gen\u00e9rica. Podemos ayudarte.  <\/p>\n<h2 class=\"wp-block-heading\">C\u00f3mo puede ayudar el bufete de abogados de Asher Hoffman<\/h2>\n<p>Combinamos la visi\u00f3n local con la abogac\u00eda pr\u00e1ctica. Los clientes hablan directamente con un abogado, reciben respuestas sinceras sobre plazos y valor, y nunca pagan honorarios a menos que consigamos un resultado satisfactorio. <\/p>\n<p>Nuestro proceso es personal y riguroso: conservar las pruebas con rapidez, elaborar el historial m\u00e9dico con cuidado y negociar desde una posici\u00f3n de fuerza. Si no se ofrece un acuerdo justo, estamos preparados para litigar. <\/p>\n<p><strong>Lo que puedes esperar:<\/strong><\/p>\n<ul class=\"wp-block-list\">\n<li>Acceso directo a tu abogado para preguntas y actualizaciones.<\/li>\n<li>Investigaci\u00f3n r\u00e1pida y conservaci\u00f3n de pruebas.<\/li>\n<li>Orientaci\u00f3n clara sobre la documentaci\u00f3n m\u00e9dica y la planificaci\u00f3n de la recuperaci\u00f3n.<\/li>\n<li>Negociaci\u00f3n estrat\u00e9gica que resiste a las ofertas bajas y a las t\u00e1cticas dilatorias.<\/li>\n<li>Defensa preparada para el juicio cuando el litigio sea lo mejor para ti.<\/li>\n<\/ul>\n<h2 class=\"wp-block-heading\">Ponte en contacto hoy mismo con nuestros abogados especializados en resbalones y ca\u00eddas de Long Beach<\/h2>\n<p>No tienes por qu\u00e9 enfrentarte solo a una lesi\u00f3n causada por un local. <g id=\"gid_0\">El bufete de abogados de Asher Hoffman<\/g> representa a personas lesionadas en casos de resbalones y ca\u00eddas y otros peligros para la propiedad en Long Beach, el condado de Los \u00c1ngeles y toda California. Nos centramos en tu recuperaci\u00f3n mientras nos encargamos del trabajo legal.  <\/p>\n<p>Llama hoy al <a href=\"tel:(562)%20573-2979\">(562) 573-2979<\/a> o <a href=\"https:\/\/www.asherhoffmanlaw.com\/contact\/\">ponte en contacto con nosotros en l\u00ednea <\/a>para una consulta gratuita. Habla directamente con un abogado especializado en responsabilidad civil de locales que antepondr\u00e1 tu recuperaci\u00f3n. <\/p>\n","protected":false},"excerpt":{"rendered":"<p>Por Qu\u00e9 Los Casos De Responsabilidad De Los Locales De Long Beach Requieren Una Representaci\u00f3n Legal Enfocada Un resbal\u00f3n y ca\u00edda u otro incidente de responsabilidad de las instalaciones puede cambiar tu vida en cuesti\u00f3n de segundos. En un momento est\u00e1s haciendo recados o visitando a un amigo, y al siguiente te enfrentas a un [&hellip;]<\/p>\n","protected":false},"author":1,"featured_media":0,"parent":0,"menu_order":0,"comment_status":"closed","ping_status":"closed","template":"templates\/practice-area.php","meta":{"_acf_changed":false,"footnotes":""},"class_list":["post-3936","page","type-page","status-publish","hentry"],"acf":[],"yoast_head":"<!-- This site is optimized with the Yoast SEO plugin v27.3 - https:\/\/yoast.com\/product\/yoast-seo-wordpress\/ -->\n<title>Abogado de resbalones y ca\u00eddas en Long Beach | El bufete de Asher Hoffman<\/title>\n<meta name=\"description\" content=\"No tienes por qu\u00e9 enfrentarte solo a una lesi\u00f3n en un local. Llama hoy mismo a nuestro abogado especializado en resbalones y ca\u00eddas de Long Beach al (562) 573-2979 o ponte en contacto con nosotros por Internet para una consulta gratuita.\" \/>\n<meta name=\"robots\" content=\"index, follow, max-snippet:-1, max-image-preview:large, max-video-preview:-1\" \/>\n<link rel=\"canonical\" href=\"https:\/\/www.asherhoffmanlaw.com\/es\/abogados-expertos-en-resbalones-y-caidas-de-long-beach\/\" \/>\n<meta property=\"og:locale\" content=\"es_ES\" \/>\n<meta property=\"og:type\" content=\"article\" \/>\n<meta property=\"og:title\" content=\"Abogado de resbalones y ca\u00eddas en Long Beach | El bufete de Asher Hoffman\" \/>\n<meta property=\"og:description\" content=\"No tienes por qu\u00e9 enfrentarte solo a una lesi\u00f3n en un local. Llama hoy mismo a nuestro abogado especializado en resbalones y ca\u00eddas de Long Beach al (562) 573-2979 o ponte en contacto con nosotros por Internet para una consulta gratuita.\" \/>\n<meta property=\"og:url\" content=\"https:\/\/www.asherhoffmanlaw.com\/es\/abogados-expertos-en-resbalones-y-caidas-de-long-beach\/\" \/>\n<meta property=\"og:image\" content=\"https:\/\/www.asherhoffmanlaw.com\/wp-content\/uploads\/2025\/10\/slip-and-fall-injury.jpg\" \/>\n\t<meta property=\"og:image:width\" content=\"1024\" \/>\n\t<meta property=\"og:image:height\" content=\"683\" \/>\n\t<meta property=\"og:image:type\" content=\"image\/jpeg\" \/>\n<meta name=\"twitter:card\" content=\"summary_large_image\" \/>\n<meta name=\"twitter:label1\" content=\"Est. reading time\" \/>\n\t<meta name=\"twitter:data1\" content=\"10 minutes\" \/>\n<!-- \/ Yoast SEO plugin. -->","yoast_head_json":{"title":"Abogado de resbalones y ca\u00eddas en Long Beach | El bufete de Asher Hoffman","description":"No tienes por qu\u00e9 enfrentarte solo a una lesi\u00f3n en un local. Llama hoy mismo a nuestro abogado especializado en resbalones y ca\u00eddas de Long Beach al (562) 573-2979 o ponte en contacto con nosotros por Internet para una consulta gratuita.","robots":{"index":"index","follow":"follow","max-snippet":"max-snippet:-1","max-image-preview":"max-image-preview:large","max-video-preview":"max-video-preview:-1"},"canonical":"https:\/\/www.asherhoffmanlaw.com\/es\/abogados-expertos-en-resbalones-y-caidas-de-long-beach\/","og_locale":"es_ES","og_type":"article","og_title":"Abogado de resbalones y ca\u00eddas en Long Beach | El bufete de Asher Hoffman","og_description":"No tienes por qu\u00e9 enfrentarte solo a una lesi\u00f3n en un local. Llama hoy mismo a nuestro abogado especializado en resbalones y ca\u00eddas de Long Beach al (562) 573-2979 o ponte en contacto con nosotros por Internet para una consulta gratuita.","og_url":"https:\/\/www.asherhoffmanlaw.com\/es\/abogados-expertos-en-resbalones-y-caidas-de-long-beach\/","og_image":[{"width":1024,"height":683,"url":"https:\/\/www.asherhoffmanlaw.com\/wp-content\/uploads\/2025\/10\/slip-and-fall-injury.jpg","type":"image\/jpeg"}],"twitter_card":"summary_large_image","twitter_misc":{"Est. reading time":"10 minutes"},"schema":{"@context":"https:\/\/schema.org","@graph":[{"@type":"WebPage","@id":"https:\/\/www.asherhoffmanlaw.com\/es\/abogados-expertos-en-resbalones-y-caidas-de-long-beach\/","url":"https:\/\/www.asherhoffmanlaw.com\/es\/abogados-expertos-en-resbalones-y-caidas-de-long-beach\/","name":"Abogado de resbalones y ca\u00eddas en Long Beach | El bufete de Asher Hoffman","isPartOf":{"@id":"https:\/\/www.asherhoffmanlaw.com\/es\/#website"},"primaryImageOfPage":{"@id":"https:\/\/www.asherhoffmanlaw.com\/es\/abogados-expertos-en-resbalones-y-caidas-de-long-beach\/#primaryimage"},"image":{"@id":"https:\/\/www.asherhoffmanlaw.com\/es\/abogados-expertos-en-resbalones-y-caidas-de-long-beach\/#primaryimage"},"thumbnailUrl":"https:\/\/www.asherhoffmanlaw.com\/wp-content\/uploads\/2025\/10\/slip-and-fall-injury.jpg","datePublished":"2025-10-13T01:22:46+00:00","description":"No tienes por qu\u00e9 enfrentarte solo a una lesi\u00f3n en un local. Llama hoy mismo a nuestro abogado especializado en resbalones y ca\u00eddas de Long Beach al (562) 573-2979 o ponte en contacto con nosotros por Internet para una consulta gratuita.","breadcrumb":{"@id":"https:\/\/www.asherhoffmanlaw.com\/es\/abogados-expertos-en-resbalones-y-caidas-de-long-beach\/#breadcrumb"},"inLanguage":"es-ES","potentialAction":[{"@type":"ReadAction","target":["https:\/\/www.asherhoffmanlaw.com\/es\/abogados-expertos-en-resbalones-y-caidas-de-long-beach\/"]}]},{"@type":"ImageObject","inLanguage":"es-ES","@id":"https:\/\/www.asherhoffmanlaw.com\/es\/abogados-expertos-en-resbalones-y-caidas-de-long-beach\/#primaryimage","url":"https:\/\/www.asherhoffmanlaw.com\/wp-content\/uploads\/2025\/10\/slip-and-fall-injury.jpg","contentUrl":"https:\/\/www.asherhoffmanlaw.com\/wp-content\/uploads\/2025\/10\/slip-and-fall-injury.jpg"},{"@type":"BreadcrumbList","@id":"https:\/\/www.asherhoffmanlaw.com\/es\/abogados-expertos-en-resbalones-y-caidas-de-long-beach\/#breadcrumb","itemListElement":[{"@type":"ListItem","position":1,"name":"Home","item":"https:\/\/www.asherhoffmanlaw.com\/es\/casa\/"},{"@type":"ListItem","position":2,"name":"Abogados expertos en resbalones y ca\u00eddas de Long Beach"}]},{"@type":"WebSite","@id":"https:\/\/www.asherhoffmanlaw.com\/es\/#website","url":"https:\/\/www.asherhoffmanlaw.com\/es\/","name":"","description":"Law Offices of Asher Hoffman Law","potentialAction":[{"@type":"SearchAction","target":{"@type":"EntryPoint","urlTemplate":"https:\/\/www.asherhoffmanlaw.com\/es\/?s={search_term_string}"},"query-input":{"@type":"PropertyValueSpecification","valueRequired":true,"valueName":"search_term_string"}}],"inLanguage":"es-ES"}]}},"_links":{"self":[{"href":"https:\/\/www.asherhoffmanlaw.com\/es\/wp-json\/wp\/v2\/pages\/3936","targetHints":{"allow":["GET"]}}],"collection":[{"href":"https:\/\/www.asherhoffmanlaw.com\/es\/wp-json\/wp\/v2\/pages"}],"about":[{"href":"https:\/\/www.asherhoffmanlaw.com\/es\/wp-json\/wp\/v2\/types\/page"}],"author":[{"embeddable":true,"href":"https:\/\/www.asherhoffmanlaw.com\/es\/wp-json\/wp\/v2\/users\/1"}],"replies":[{"embeddable":true,"href":"https:\/\/www.asherhoffmanlaw.com\/es\/wp-json\/wp\/v2\/comments?post=3936"}],"version-history":[{"count":0,"href":"https:\/\/www.asherhoffmanlaw.com\/es\/wp-json\/wp\/v2\/pages\/3936\/revisions"}],"wp:attachment":[{"href":"https:\/\/www.asherhoffmanlaw.com\/es\/wp-json\/wp\/v2\/media?parent=3936"}],"curies":[{"name":"wp","href":"https:\/\/api.w.org\/{rel}","templated":true}]}}